{"id":7160,"date":"2017-11-24T12:27:01","date_gmt":"2017-11-24T11:27:01","guid":{"rendered":"http:\/\/www.prizba.net\/korcula\/"},"modified":"2019-05-29T08:05:46","modified_gmt":"2019-05-29T06:05:46","slug":"korcula","status":"publish","type":"page","link":"https:\/\/www.prizba.net\/hr\/korcula\/","title":{"rendered":"Kor\u010dula"},"content":{"rendered":"<div id=\"pl-7160\"  class=\"panel-layout\" ><div id=\"pg-7160-0\"  class=\"panel-grid panel-no-style\" ><div id=\"pgc-7160-0-0\"  class=\"panel-grid-cell\" ><div id=\"panel-7160-0-0-0\" class=\"so-panel widget widget_sow-headline panel-first-child panel-last-child\" data-index=\"0\" ><div\n\t\t\t\n\t\t\tclass=\"so-widget-sow-headline so-widget-sow-headline-default-3280ec5ca83a-7160\"\n\t\t\t\n\t\t><div class=\"sow-headline-container \">\n\t\t\t\t\t\t\t<h1 class=\"sow-headline\">\n\t\t\t\t\t\tOtok Kor\u010dula Zanimljiva Mjesta\t\t\t\t\t\t<\/h1>\n\t\t\t\t\t\t<\/div>\n<\/div><\/div><\/div><\/div><div id=\"pg-7160-1\"  class=\"panel-grid panel-no-style\" ><div id=\"pgc-7160-1-0\"  class=\"panel-grid-cell\" ><div id=\"panel-7160-1-0-0\" class=\"so-panel widget widget_sow-headline panel-first-child\" data-index=\"1\" ><div\n\t\t\t\n\t\t\tclass=\"so-widget-sow-headline so-widget-sow-headline-default-771b70f7f01f-7160\"\n\t\t\t\n\t\t><div class=\"sow-headline-container \">\n\t\t\t\t\t\t\t<h2 class=\"sow-headline\">\n\t\t\t\t\t\tO Pri\u017ebi\t\t\t\t\t\t<\/h2>\n\t\t\t\t\t\t<\/div>\n<\/div><\/div><div id=\"panel-7160-1-0-1\" class=\"so-panel widget widget_sow-editor\" data-index=\"2\" ><div\n\t\t\t\n\t\t\tclass=\"so-widget-sow-editor so-widget-sow-editor-base\"\n\t\t\t\n\t\t>\n<div class=\"siteorigin-widget-tinymce textwidget\">\n\t<\/div>\n<\/div><\/div><div id=\"panel-7160-1-0-2\" class=\"so-panel widget widget_sow-editor\" data-index=\"3\" ><div\n\t\t\t\n\t\t\tclass=\"so-widget-sow-editor so-widget-sow-editor-base\"\n\t\t\t\n\t\t>\n<div class=\"siteorigin-widget-tinymce textwidget\">\n\t<p class=\"m_-3228724463070382009gmail-MsoNormal\">Pri\u017eba je popularno ljetovali\u0161te na ju\u017enoj strani otoka Kor\u010dule u Hrvatskoj. Prote\u017ee se uz obalu u du\u017eini od oko pet kilometara, od uvale Gr\u0161\u0107ica pa do poluotoka Pri\u0161\u0107apac i Vina\u010dac na istoku. Pri\u017eba se sastoji od nekoliko manjih uvala i poluotoka Ratak. Na ovom podru\u010dju nalaze se razni restorani, servisi za najam opreme za rekreaciju i sport te par du\u0107ana. U restoranima \u0107ete u\u017evati u ribljim specijalitetima s Kor\u010dule kao i u mesnim jelima uz doma\u0107e povr\u0107e te najfinije vino.<\/p>\n<p>\u00a0\u00a0\u00a0\u00a0Mo\u017eda najzanimljiviji dio ovog podru\u010dja su \u010detiri oto\u010di\u0107a: Vrhovnjak, Sridnjak, Crklica, Stupa i \u010cerin. Nenaseljeni su i nalaze se otprilike 800 metara od sredi\u0161njeg dijela Pri\u017ebe te imaju prekrasna mjesta za plivanje i u\u017eivanje u suncu ili u dubokoj sjeni borova. Ako zaronite, malo ispod morske povr\u0161ine prona\u0107i \u0107ete delikatese koje se mogu jesti sirove, poput je\u017einaca ili raznih \u0161koljki koje naseljavaju obalu. A ostaje jo\u0161 mnogo toga za istra\u017eiti ako zaronite jo\u0161 dublje!<\/p>\n<\/div>\n<\/div><\/div><div id=\"panel-7160-1-0-3\" class=\"so-panel widget widget_sow-button panel-last-child\" data-index=\"4\" ><div\n\t\t\t\n\t\t\tclass=\"so-widget-sow-button so-widget-sow-button-wire-7db8851911c9-7160\"\n\t\t\t\n\t\t><div class=\"ow-button-base ow-button-align-center\"\n>\n\t\t\t<a\n\t\t\t\t\thref=\"https:\/\/www.prizba.net\/hr\/galerija\/\"\n\t\t\t\t\tclass=\"sowb-button ow-icon-placement-left ow-button-hover\" \t>\n\t\t<span>\n\t\t\t<span class=\"sow-icon-fontawesome sow-fas\" data-sow-icon=\"&#xf03e;\"\n\t\tstyle=\"\" \n\t\taria-hidden=\"true\"><\/span>\n\t\t\tGalerija slika - Pri\u017eba\t\t<\/span>\n\t\t\t<\/a>\n\t<\/div>\n<\/div><\/div><\/div><\/div><div id=\"pg-7160-2\"  class=\"panel-grid panel-no-style\" ><div id=\"pgc-7160-2-0\"  class=\"panel-grid-cell\" ><div id=\"panel-7160-2-0-0\" class=\"so-panel widget widget_sow-headline panel-first-child\" data-index=\"5\" ><div\n\t\t\t\n\t\t\tclass=\"so-widget-sow-headline so-widget-sow-headline-default-771b70f7f01f-7160\"\n\t\t\t\n\t\t><div class=\"sow-headline-container \">\n\t\t\t\t\t\t\t<h2 class=\"sow-headline\">\n\t\t\t\t\t\tBlato\t\t\t\t\t\t<\/h2>\n\t\t\t\t\t\t<\/div>\n<\/div><\/div><div id=\"panel-7160-2-0-1\" class=\"so-panel widget widget_sow-editor\" data-index=\"6\" ><div\n\t\t\t\n\t\t\tclass=\"so-widget-sow-editor so-widget-sow-editor-base\"\n\t\t\t\n\t\t>\n<div class=\"siteorigin-widget-tinymce textwidget\">\n\t<p><iframe loading=\"lazy\" src=\"https:\/\/www.google.com\/maps\/embed?pb=!1m0!4v1512201900449!6m8!1m7!1sCAoSLEFGMVFpcE5JbXowVlJBdlZ3OFRqUjBHOTBiUjRQZHZ6MkZ0WC02MVctT1Bk!2m2!1d42.93717167954089!2d16.79214988104903!3f20.905935260379078!4f-1.928120414491815!5f0.7820865974627469\" width=\"100%\" height=\"450\" frameborder=\"0\" style=\"border:0\" allowfullscreen><\/iframe><\/p>\n<\/div>\n<\/div><\/div><div id=\"panel-7160-2-0-2\" class=\"so-panel widget widget_sow-editor panel-last-child\" data-index=\"7\" ><div\n\t\t\t\n\t\t\tclass=\"so-widget-sow-editor so-widget-sow-editor-base\"\n\t\t\t\n\t\t>\n<div class=\"siteorigin-widget-tinymce textwidget\">\n\t<p>Nakon desetak minuta vo\u017enje iz Pri\u017ebe sti\u0107i \u0107ete u Blato, mjesto poznato po ma\u010devnom plesu Kumpanjija i duga\u010dkoj aleji lipa. \u0160etaju\u0107i ulicama Blata do\u0107i \u0107ete do trga sa zvonikom, lo\u017eom i crkvom Svih svetih. Ako posjetite neko od ljetnih zbivanja, zasigurno \u0107ete potom u\u017eivati u ukusnom zalogaju u obli\u017enjim restoranima ili otkrivanju lokalnih vinskih sorti u ku\u0161aonici vina. Blato je tako\u0111er poznato po kola\u010du \u201dlumblija\u201d te posebnom pri\u010dom koja stoji iza nastanka ove delicije.<\/p>\n<\/div>\n<\/div><\/div><\/div><\/div><div id=\"pg-7160-3\"  class=\"panel-grid panel-no-style\" ><div id=\"pgc-7160-3-0\"  class=\"panel-grid-cell\" ><div id=\"panel-7160-3-0-0\" class=\"so-panel widget widget_sow-headline panel-first-child\" data-index=\"8\" ><div\n\t\t\t\n\t\t\tclass=\"so-widget-sow-headline so-widget-sow-headline-default-771b70f7f01f-7160\"\n\t\t\t\n\t\t><div class=\"sow-headline-container \">\n\t\t\t\t\t\t\t<h2 class=\"sow-headline\">\n\t\t\t\t\t\tVela Luka\t\t\t\t\t\t<\/h2>\n\t\t\t\t\t\t<\/div>\n<\/div><\/div><div id=\"panel-7160-3-0-1\" class=\"so-panel widget widget_sow-editor\" data-index=\"9\" ><div\n\t\t\t\n\t\t\tclass=\"so-widget-sow-editor so-widget-sow-editor-base\"\n\t\t\t\n\t\t>\n<div class=\"siteorigin-widget-tinymce textwidget\">\n\t<p><img loading=\"lazy\" decoding=\"async\" class=\"aligncenter wp-image-7268 size-large\" src=\"https:\/\/www.prizba.net\/wp-content\/uploads\/velu-luku-mala-ne-zaboravi-branko-zuvela-dodo-pointing-vela-luka-sunset-2-1024x678.jpg\" alt=\"\" width=\"1024\" height=\"678\" srcset=\"https:\/\/www.prizba.net\/wp-content\/uploads\/velu-luku-mala-ne-zaboravi-branko-zuvela-dodo-pointing-vela-luka-sunset-2-1024x678.jpg 1024w, https:\/\/www.prizba.net\/wp-content\/uploads\/velu-luku-mala-ne-zaboravi-branko-zuvela-dodo-pointing-vela-luka-sunset-2-175x116.jpg 175w, https:\/\/www.prizba.net\/wp-content\/uploads\/velu-luku-mala-ne-zaboravi-branko-zuvela-dodo-pointing-vela-luka-sunset-2-700x464.jpg 700w, https:\/\/www.prizba.net\/wp-content\/uploads\/velu-luku-mala-ne-zaboravi-branko-zuvela-dodo-pointing-vela-luka-sunset-2-768x509.jpg 768w, https:\/\/www.prizba.net\/wp-content\/uploads\/velu-luku-mala-ne-zaboravi-branko-zuvela-dodo-pointing-vela-luka-sunset-2.jpg 1140w\" sizes=\"auto, (max-width: 1024px) 100vw, 1024px\" \/><\/p>\n<\/div>\n<\/div><\/div><div id=\"panel-7160-3-0-2\" class=\"so-panel widget widget_sow-editor panel-last-child\" data-index=\"10\" ><div\n\t\t\t\n\t\t\tclass=\"so-widget-sow-editor so-widget-sow-editor-base\"\n\t\t\t\n\t\t>\n<div class=\"siteorigin-widget-tinymce textwidget\">\n\t<p>Mnogi restorani s lokalnim gastro specijalitetima, duga\u010dka riva s raznolikim ljetnim doga\u0111anjima (ne propustite nastupe klapa) i otok Proizd sa svojim prekrasnim pla\u017eama samo su neke od znamenitosti koje ukratko opisuju Velu Luku. Budu\u0107i da je Vela Luka mjesto koje se razvijalo uz obalu mora, ono ima bogatu pomorsku tradiciju te luku za sigurno sidrenje. No, ovo mjesto tako\u0111er krije nekolicinu istaknutih lokaliteta: va\u017eno arheolo\u0161ko nalazi\u0161te koje se zove Vela spila i napu\u0161tenu utvrdu Hum iz koje puca prekrasan pogled na Velu Luku te obli\u017enje otoke Hvar i Lastovo.<\/p>\n<\/div>\n<\/div><\/div><\/div><\/div><div id=\"pg-7160-4\"  class=\"panel-grid panel-no-style\" ><div id=\"pgc-7160-4-0\"  class=\"panel-grid-cell\" ><div id=\"panel-7160-4-0-0\" class=\"so-panel widget widget_sow-headline panel-first-child\" data-index=\"11\" ><div\n\t\t\t\n\t\t\tclass=\"so-widget-sow-headline so-widget-sow-headline-default-771b70f7f01f-7160\"\n\t\t\t\n\t\t><div class=\"sow-headline-container \">\n\t\t\t\t\t\t\t<h2 class=\"sow-headline\">\n\t\t\t\t\t\tKor\u010dula\t\t\t\t\t\t<\/h2>\n\t\t\t\t\t\t<\/div>\n<\/div><\/div><div id=\"panel-7160-4-0-1\" class=\"so-panel widget widget_sow-editor\" data-index=\"12\" ><div\n\t\t\t\n\t\t\tclass=\"so-widget-sow-editor so-widget-sow-editor-base\"\n\t\t\t\n\t\t>\n<div class=\"siteorigin-widget-tinymce textwidget\">\n\t<p><img loading=\"lazy\" decoding=\"async\" class=\"aligncenter wp-image-6320 size-large\" src=\"https:\/\/www.prizba.net\/wp-content\/uploads\/korcula-medieval-city-1024x683.jpg\" alt=\"korcula-medieval-city\" width=\"1024\" height=\"683\" srcset=\"https:\/\/www.prizba.net\/wp-content\/uploads\/korcula-medieval-city-1024x683.jpg 1024w, https:\/\/www.prizba.net\/wp-content\/uploads\/korcula-medieval-city-175x117.jpg 175w, https:\/\/www.prizba.net\/wp-content\/uploads\/korcula-medieval-city-700x467.jpg 700w, https:\/\/www.prizba.net\/wp-content\/uploads\/korcula-medieval-city-768x512.jpg 768w, https:\/\/www.prizba.net\/wp-content\/uploads\/korcula-medieval-city-272x182.jpg 272w, https:\/\/www.prizba.net\/wp-content\/uploads\/korcula-medieval-city.jpg 1140w\" sizes=\"auto, (max-width: 1024px) 100vw, 1024px\" \/><\/p>\n<\/div>\n<\/div><\/div><div id=\"panel-7160-4-0-2\" class=\"so-panel widget widget_sow-editor panel-last-child\" data-index=\"13\" ><div\n\t\t\t\n\t\t\tclass=\"so-widget-sow-editor so-widget-sow-editor-base\"\n\t\t\t\n\t\t>\n<div class=\"siteorigin-widget-tinymce textwidget\">\n\t<p>Grad Kor\u010dula zasigurno je jedno od najpoznatijih destinacija na otoku. Sli\u010dno kao i Dubrovnik Kor\u010dula ima tipi\u010dne srednjovjekovne uli\u010dice sa starim zgradama, utvrdama i gradskim zidinama koje su \u0161titile Kor\u010dula od opasnosti tijekom povijesti. \u0160etaju\u0107i gradom, fini restorani uz more nezaobilazno su odredi\u0161te za u\u017eivanje u lokalnim specijalitetima prije no \u0161to zavirite na ve\u010dernju svirku u obli\u017enjim kafi\u0107ima. Preporu\u010damo obavezno posjetiti ku\u0107u Marka Pola, kao i nastup poznatog ma\u010devnog plesa More\u0161ke.<\/p>\n<\/div>\n<\/div><\/div><\/div><\/div><div id=\"pg-7160-5\"  class=\"panel-grid panel-has-style\" ><div class=\"siteorigin-panels-stretch panel-row-style panel-row-style-for-7160-5\" data-stretch-type=\"full-stretched\" ><div id=\"pgc-7160-5-0\"  class=\"panel-grid-cell\" ><div id=\"panel-7160-5-0-0\" class=\"widget_text so-panel widget widget_custom_html panel-first-child panel-last-child\" data-index=\"14\" ><div class=\"textwidget custom-html-widget\"><div class=\"video-background\">\n<div class=\"video-foreground\">\n<iframe src=\"https:\/\/www.youtube.com\/embed\/PHszwuDNslo?controls=0&showinfo=0&rel=0&autoplay=1&mute=1&loop=1&playlist=PHszwuDNslo\" frameborder=\"0\" allowfullscreen><\/iframe>\n<\/div>\n<\/div><\/div><\/div><\/div><\/div><\/div><\/div>","protected":false},"excerpt":{"rendered":"<p>Pri\u017eba je popularno ljetovali\u0161te na ju\u017enoj strani otoka Kor\u010dule u Hrvatskoj. Prote\u017ee se uz obalu u du\u017eini od oko pet kilometara, od uvale Gr\u0161\u0107ica pa [&hellip;]<\/p>\n <a href=\"https:\/\/www.prizba.net\/hr\/korcula\/\" class=\"more-link\" title=\"Read More\"> Pro\u010ditajte vi\u0161e<\/a>","protected":false},"author":1,"featured_media":0,"parent":0,"menu_order":0,"comment_status":"closed","ping_status":"closed","template":"","meta":{"_genesis_hide_title":false,"_genesis_hide_breadcrumbs":false,"_genesis_hide_singular_image":false,"_genesis_hide_footer_widgets":false,"_genesis_custom_body_class":"","_genesis_custom_post_class":"","_genesis_layout":"","footnotes":""},"class_list":{"0":"post-7160","1":"page","2":"type-page","3":"status-publish","5":"entry","6":"has-post-thumbnail"},"_links":{"self":[{"href":"https:\/\/www.prizba.net\/hr\/wp-json\/wp\/v2\/pages\/7160","targetHints":{"allow":["GET"]}}],"collection":[{"href":"https:\/\/www.prizba.net\/hr\/wp-json\/wp\/v2\/pages"}],"about":[{"href":"https:\/\/www.prizba.net\/hr\/wp-json\/wp\/v2\/types\/page"}],"author":[{"embeddable":true,"href":"https:\/\/www.prizba.net\/hr\/wp-json\/wp\/v2\/users\/1"}],"replies":[{"embeddable":true,"href":"https:\/\/www.prizba.net\/hr\/wp-json\/wp\/v2\/comments?post=7160"}],"version-history":[{"count":0,"href":"https:\/\/www.prizba.net\/hr\/wp-json\/wp\/v2\/pages\/7160\/revisions"}],"wp:attachment":[{"href":"https:\/\/www.prizba.net\/hr\/wp-json\/wp\/v2\/media?parent=7160"}],"curies":[{"name":"wp","href":"https:\/\/api.w.org\/{rel}","templated":true}]}}