{"id":7163,"date":"2017-11-24T12:27:56","date_gmt":"2017-11-24T11:27:56","guid":{"rendered":"http:\/\/www.prizba.net\/prizba-attractions\/"},"modified":"2019-05-29T09:49:34","modified_gmt":"2019-05-29T07:49:34","slug":"aktivnosti","status":"publish","type":"page","link":"https:\/\/www.prizba.net\/hr\/aktivnosti\/","title":{"rendered":"Aktivnosti"},"content":{"rendered":"<div id=\"pl-7163\"  class=\"panel-layout\" ><div id=\"pg-7163-0\"  class=\"panel-grid panel-no-style\" ><div id=\"pgc-7163-0-0\"  class=\"panel-grid-cell\" ><div id=\"panel-7163-0-0-0\" class=\"so-panel widget widget_sow-headline panel-first-child panel-last-child\" data-index=\"0\" ><div\n\t\t\t\n\t\t\tclass=\"so-widget-sow-headline so-widget-sow-headline-default-3280ec5ca83a-7163\"\n\t\t\t\n\t\t><div class=\"sow-headline-container \">\n\t\t\t\t\t\t\t<h1 class=\"sow-headline\">\n\t\t\t\t\t\tAktivnosti u Pri\u017ebi\t\t\t\t\t\t<\/h1>\n\t\t\t\t\t\t\t\t\t\t\t\t<p class=\"sow-sub-headline\">\n\t\t\t\t\t\tKako provesti odmor u Pri\u017ebi? U ovom popularnom ljetovali\u0161tu prona\u0107i \u0107ete razne aktivnosti i usluge za ispuniti va\u0161 odmor i otkriti vi\u0161e o Pri\u017ebi.\t\t\t\t\t\t<\/p>\n\t\t\t\t\t\t<\/div>\n<\/div><\/div><\/div><\/div><div id=\"pg-7163-1\"  class=\"panel-grid panel-no-style\" ><div id=\"pgc-7163-1-0\"  class=\"panel-grid-cell\" ><div id=\"panel-7163-1-0-0\" class=\"so-panel widget widget_sow-headline panel-first-child\" data-index=\"1\" ><div\n\t\t\t\n\t\t\tclass=\"so-widget-sow-headline so-widget-sow-headline-default-771b70f7f01f-7163\"\n\t\t\t\n\t\t><div class=\"sow-headline-container \">\n\t\t\t\t\t\t\t<h2 class=\"sow-headline\">\n\t\t\t\t\t\tPlivanje i Ronjenje\t\t\t\t\t\t<\/h2>\n\t\t\t\t\t\t<\/div>\n<\/div><\/div><div id=\"panel-7163-1-0-1\" class=\"so-panel widget widget_sow-editor\" data-index=\"2\" ><div\n\t\t\t\n\t\t\tclass=\"so-widget-sow-editor so-widget-sow-editor-base\"\n\t\t\t\n\t\t>\n<div class=\"siteorigin-widget-tinymce textwidget\">\n\t<p><img loading=\"lazy\" decoding=\"async\" class=\"aligncenter wp-image-6312 size-large\" src=\"https:\/\/www.prizba.net\/wp-content\/uploads\/prizba-swimming-snorkeling-seabob-1024x683.jpg\" alt=\"prizba-swimming-snorkeling-seabob\" width=\"1024\" height=\"683\" srcset=\"https:\/\/www.prizba.net\/wp-content\/uploads\/prizba-swimming-snorkeling-seabob-1024x683.jpg 1024w, https:\/\/www.prizba.net\/wp-content\/uploads\/prizba-swimming-snorkeling-seabob-175x117.jpg 175w, https:\/\/www.prizba.net\/wp-content\/uploads\/prizba-swimming-snorkeling-seabob-700x467.jpg 700w, https:\/\/www.prizba.net\/wp-content\/uploads\/prizba-swimming-snorkeling-seabob-768x512.jpg 768w, https:\/\/www.prizba.net\/wp-content\/uploads\/prizba-swimming-snorkeling-seabob-272x182.jpg 272w, https:\/\/www.prizba.net\/wp-content\/uploads\/prizba-swimming-snorkeling-seabob.jpg 1140w\" sizes=\"auto, (max-width: 1024px) 100vw, 1024px\" \/><\/p>\n<\/div>\n<\/div><\/div><div id=\"panel-7163-1-0-2\" class=\"so-panel widget widget_sow-editor panel-last-child\" data-index=\"3\" ><div\n\t\t\t\n\t\t\tclass=\"so-widget-sow-editor so-widget-sow-editor-base\"\n\t\t\t\n\t\t>\n<div class=\"siteorigin-widget-tinymce textwidget\">\n\t<p>Zaronite u bistro plavo more! Zbog najvi\u0161e kakvo\u0107e mora kupanje u Pri\u017ebi je posebno iskustvo i u\u017eitak. Obala Pri\u017ebe vrlo je razvedena i uz nju \u0107ete prona\u0107i javne \u0161ljun\u010dane pla\u017ee, pla\u017ee sa \u017ealom i razna skrovitija mjesta. Oni koji su \u017eeljni adrenalina prona\u0107i \u0107e skakaonice za izvedbu najrazli\u010ditijih skokova te mjesta za istra\u017eivanje morskih dubina i svih nijansi plave.<\/p>\n<\/div>\n<\/div><\/div><\/div><\/div><div id=\"pg-7163-2\"  class=\"panel-grid panel-no-style\" ><div id=\"pgc-7163-2-0\"  class=\"panel-grid-cell\" ><div id=\"panel-7163-2-0-0\" class=\"so-panel widget widget_sow-headline panel-first-child\" data-index=\"4\" ><div\n\t\t\t\n\t\t\tclass=\"so-widget-sow-headline so-widget-sow-headline-default-771b70f7f01f-7163\"\n\t\t\t\n\t\t><div class=\"sow-headline-container \">\n\t\t\t\t\t\t\t<h2 class=\"sow-headline\">\n\t\t\t\t\t\tIstra\u017eite\t\t\t\t\t\t<\/h2>\n\t\t\t\t\t\t<\/div>\n<\/div><\/div><div id=\"panel-7163-2-0-1\" class=\"so-panel widget widget_sow-editor\" data-index=\"5\" ><div\n\t\t\t\n\t\t\tclass=\"so-widget-sow-editor so-widget-sow-editor-base\"\n\t\t\t\n\t\t>\n<div class=\"siteorigin-widget-tinymce textwidget\">\n\t<p><iframe loading=\"lazy\" title=\"Explore Prizba\" width=\"500\" height=\"281\" src=\"https:\/\/www.youtube.com\/embed\/Eg8b9s-Uikk?feature=oembed\" frameborder=\"0\" allow=\"accelerometer; autoplay; clipboard-write; encrypted-media; gyroscope; picture-in-picture; web-share\" referrerpolicy=\"strict-origin-when-cross-origin\" allowfullscreen><\/iframe><\/p>\n<\/div>\n<\/div><\/div><div id=\"panel-7163-2-0-2\" class=\"so-panel widget widget_sow-editor panel-last-child\" data-index=\"6\" ><div\n\t\t\t\n\t\t\tclass=\"so-widget-sow-editor so-widget-sow-editor-base\"\n\t\t\t\n\t\t>\n<div class=\"siteorigin-widget-tinymce textwidget\">\n\t<p>\u017delite do\u017eivjeti Pri\u017ebu na druk\u010diji na\u010din? Istra\u017eite ponudu opreme za sport i rekreaciju u raznim servisima u centru Pri\u017ebe i drugim krajevima oko Pri\u017ebe! Plutajte i jedrite morskom povr\u0161inom na SUP-u ili do\u017eivite vjetar na dasci za jedrenje - no, vjerojatno je najpopularniji provod iznajmiti \u010damac i otploviti do dalekih obala.<\/p>\n<\/div>\n<\/div><\/div><\/div><\/div><div id=\"pg-7163-3\"  class=\"panel-grid panel-no-style\" ><div id=\"pgc-7163-3-0\"  class=\"panel-grid-cell\" ><div id=\"panel-7163-3-0-0\" class=\"so-panel widget widget_sow-headline panel-first-child\" data-index=\"7\" ><div\n\t\t\t\n\t\t\tclass=\"so-widget-sow-headline so-widget-sow-headline-default-771b70f7f01f-7163\"\n\t\t\t\n\t\t><div class=\"sow-headline-container \">\n\t\t\t\t\t\t\t<h2 class=\"sow-headline\">\n\t\t\t\t\t\tBiciklizam i Treking\t\t\t\t\t\t<\/h2>\n\t\t\t\t\t\t<\/div>\n<\/div><\/div><div id=\"panel-7163-3-0-1\" class=\"so-panel widget widget_sow-editor\" data-index=\"8\" ><div\n\t\t\t\n\t\t\tclass=\"so-widget-sow-editor so-widget-sow-editor-base\"\n\t\t\t\n\t\t>\n<div class=\"siteorigin-widget-tinymce textwidget\">\n\t<p><img loading=\"lazy\" decoding=\"async\" class=\"aligncenter wp-image-6314 size-large\" src=\"https:\/\/www.prizba.net\/wp-content\/uploads\/korcula-biking-1024x678.jpg\" alt=\"korcula-biking\" width=\"1024\" height=\"678\" srcset=\"https:\/\/www.prizba.net\/wp-content\/uploads\/korcula-biking-1024x678.jpg 1024w, https:\/\/www.prizba.net\/wp-content\/uploads\/korcula-biking-175x116.jpg 175w, https:\/\/www.prizba.net\/wp-content\/uploads\/korcula-biking-700x464.jpg 700w, https:\/\/www.prizba.net\/wp-content\/uploads\/korcula-biking-768x509.jpg 768w, https:\/\/www.prizba.net\/wp-content\/uploads\/korcula-biking.jpg 1140w\" sizes=\"auto, (max-width: 1024px) 100vw, 1024px\" \/><\/p>\n<\/div>\n<\/div><\/div><div id=\"panel-7163-3-0-2\" class=\"so-panel widget widget_sow-editor panel-last-child\" data-index=\"9\" ><div\n\t\t\t\n\t\t\tclass=\"so-widget-sow-editor so-widget-sow-editor-base\"\n\t\t\t\n\t\t>\n<div class=\"siteorigin-widget-tinymce textwidget\">\n\t<p>Mnogi putovi za biciklizam i raznolikost makadamskih cesta \u010dine Kor\u010dulu sve prepoznatljivijom u sportskim i rekreativnim krugovima, s brojnim zbivanjima koja se zbivaju ve\u0107inom od prolje\u0107a do jeseni. Povirite li izvan Pri\u017ebe, prona\u0107i \u0107ete malo prometne putove i ceste koji vijugaju kroz nazade maslina, vinograde ili uz obalu.<\/p>\n<\/div>\n<\/div><\/div><\/div><\/div><div id=\"pg-7163-4\"  class=\"panel-grid panel-has-style\" ><div class=\"siteorigin-panels-stretch panel-row-style panel-row-style-for-7163-4\" data-stretch-type=\"full-stretched\" ><div id=\"pgc-7163-4-0\"  class=\"panel-grid-cell\" ><div id=\"panel-7163-4-0-0\" class=\"so-panel widget widget_sow-image panel-first-child panel-last-child\" data-index=\"10\" ><div\n\t\t\t\n\t\t\tclass=\"so-widget-sow-image so-widget-sow-image-default-8b5b6f678277-7163\"\n\t\t\t\n\t\t>\n<div class=\"sow-image-container\">\n\t\t<img \n\tsrc=\"https:\/\/www.prizba.net\/wp-content\/uploads\/fly-into-sea-01.jpg\" width=\"1920\" height=\"1280\" srcset=\"https:\/\/www.prizba.net\/wp-content\/uploads\/fly-into-sea-01.jpg 1920w, https:\/\/www.prizba.net\/wp-content\/uploads\/fly-into-sea-01-175x117.jpg 175w, https:\/\/www.prizba.net\/wp-content\/uploads\/fly-into-sea-01-700x467.jpg 700w, https:\/\/www.prizba.net\/wp-content\/uploads\/fly-into-sea-01-768x512.jpg 768w, https:\/\/www.prizba.net\/wp-content\/uploads\/fly-into-sea-01-1024x683.jpg 1024w, https:\/\/www.prizba.net\/wp-content\/uploads\/fly-into-sea-01-272x182.jpg 272w\" sizes=\"(max-width: 1920px) 100vw, 1920px\" alt=\"\" \t\tclass=\"so-widget-image\"\/>\n\t<\/div>\n\n<\/div><\/div><\/div><\/div><\/div><\/div>","protected":false},"excerpt":{"rendered":"<p>Zaronite u bistro plavo more! Zbog najvi\u0161e kakvo\u0107e mora kupanje u Pri\u017ebi je posebno iskustvo i u\u017eitak. Obala Pri\u017ebe vrlo je razvedena i uz nju [&hellip;]<\/p>\n <a href=\"https:\/\/www.prizba.net\/hr\/aktivnosti\/\" class=\"more-link\" title=\"Read More\"> Pro\u010ditajte vi\u0161e<\/a>","protected":false},"author":1,"featured_media":0,"parent":0,"menu_order":0,"comment_status":"closed","ping_status":"closed","template":"","meta":{"_genesis_hide_title":false,"_genesis_hide_breadcrumbs":false,"_genesis_hide_singular_image":false,"_genesis_hide_footer_widgets":false,"_genesis_custom_body_class":"","_genesis_custom_post_class":"","_genesis_layout":"","footnotes":""},"class_list":{"0":"post-7163","1":"page","2":"type-page","3":"status-publish","5":"entry","6":"has-post-thumbnail"},"_links":{"self":[{"href":"https:\/\/www.prizba.net\/hr\/wp-json\/wp\/v2\/pages\/7163","targetHints":{"allow":["GET"]}}],"collection":[{"href":"https:\/\/www.prizba.net\/hr\/wp-json\/wp\/v2\/pages"}],"about":[{"href":"https:\/\/www.prizba.net\/hr\/wp-json\/wp\/v2\/types\/page"}],"author":[{"embeddable":true,"href":"https:\/\/www.prizba.net\/hr\/wp-json\/wp\/v2\/users\/1"}],"replies":[{"embeddable":true,"href":"https:\/\/www.prizba.net\/hr\/wp-json\/wp\/v2\/comments?post=7163"}],"version-history":[{"count":0,"href":"https:\/\/www.prizba.net\/hr\/wp-json\/wp\/v2\/pages\/7163\/revisions"}],"wp:attachment":[{"href":"https:\/\/www.prizba.net\/hr\/wp-json\/wp\/v2\/media?parent=7163"}],"curies":[{"name":"wp","href":"https:\/\/api.w.org\/{rel}","templated":true}]}}