{"id":7276,"date":"2017-12-09T07:09:24","date_gmt":"2017-12-09T06:09:24","guid":{"rendered":"http:\/\/www.prizba.net\/blog\/"},"modified":"2018-11-23T10:43:23","modified_gmt":"2018-11-23T09:43:23","slug":"blog","status":"publish","type":"page","link":"https:\/\/www.prizba.net\/hr\/blog\/","title":{"rendered":"Pri\u017eba Teacher&#8217;s House Blog"},"content":{"rendered":"<div id=\"pl-7276\"  class=\"panel-layout\" ><div id=\"pg-7276-0\"  class=\"panel-grid panel-no-style\" ><div id=\"pgc-7276-0-0\"  class=\"panel-grid-cell\" ><div id=\"panel-7276-0-0-0\" class=\"so-panel widget widget_sow-headline panel-first-child panel-last-child\" data-index=\"0\" ><div\n\t\t\t\n\t\t\tclass=\"so-widget-sow-headline so-widget-sow-headline-default-2251677e3fed-7276\"\n\t\t\t\n\t\t><div class=\"sow-headline-container \">\n\t\t\t\t\t\t\t<p class=\"sow-sub-headline\">\n\t\t\t\t\t\tZnamenitosti, atrakcije, gastro specijaliteti i druge zanimljivosti iz Pri\u017ebe, op\u0107ine Blato i otoka Kor\u010dule.\t\t\t\t\t\t<\/p>\n\t\t\t\t\t\t\t\t\t\t\t<div class=\"decoration\">\n\t\t\t\t\t\t<div class=\"decoration-inside\"><\/div>\n\t\t\t\t\t<\/div>\n\t\t\t\t\t<\/div>\n<\/div><\/div><\/div><\/div><\/div>","protected":false},"excerpt":{"rendered":"<p>Znamenitosti, atrakcije, gastro specijaliteti i druge zanimljivosti iz Pri\u017ebe, op\u0107ine Blato i otoka Kor\u010dule.<\/p>\n <a href=\"https:\/\/www.prizba.net\/hr\/blog\/\" class=\"more-link\" title=\"Read More\"> Pro\u010ditajte vi\u0161e<\/a>","protected":false},"author":1,"featured_media":0,"parent":0,"menu_order":0,"comment_status":"closed","ping_status":"closed","template":"","meta":{"_genesis_hide_title":false,"_genesis_hide_breadcrumbs":false,"_genesis_hide_singular_image":false,"_genesis_hide_footer_widgets":false,"_genesis_custom_body_class":"","_genesis_custom_post_class":"","_genesis_layout":"","footnotes":""},"class_list":{"0":"post-7276","1":"page","2":"type-page","3":"status-publish","5":"entry"},"_links":{"self":[{"href":"https:\/\/www.prizba.net\/hr\/wp-json\/wp\/v2\/pages\/7276","targetHints":{"allow":["GET"]}}],"collection":[{"href":"https:\/\/www.prizba.net\/hr\/wp-json\/wp\/v2\/pages"}],"about":[{"href":"https:\/\/www.prizba.net\/hr\/wp-json\/wp\/v2\/types\/page"}],"author":[{"embeddable":true,"href":"https:\/\/www.prizba.net\/hr\/wp-json\/wp\/v2\/users\/1"}],"replies":[{"embeddable":true,"href":"https:\/\/www.prizba.net\/hr\/wp-json\/wp\/v2\/comments?post=7276"}],"version-history":[{"count":0,"href":"https:\/\/www.prizba.net\/hr\/wp-json\/wp\/v2\/pages\/7276\/revisions"}],"wp:attachment":[{"href":"https:\/\/www.prizba.net\/hr\/wp-json\/wp\/v2\/media?parent=7276"}],"curies":[{"name":"wp","href":"https:\/\/api.w.org\/{rel}","templated":true}]}}