{"id":7669,"date":"2017-11-24T12:27:01","date_gmt":"2017-11-24T11:27:01","guid":{"rendered":"https:\/\/www.prizba.net\/korcula\/"},"modified":"2019-05-29T08:06:47","modified_gmt":"2019-05-29T06:06:47","slug":"korcula","status":"publish","type":"page","link":"https:\/\/www.prizba.net\/sl\/korcula\/","title":{"rendered":"Kor\u010dula"},"content":{"rendered":"<div id=\"pl-7669\"  class=\"panel-layout\" ><div id=\"pg-7669-0\"  class=\"panel-grid panel-no-style\" ><div id=\"pgc-7669-0-0\"  class=\"panel-grid-cell\" ><div id=\"panel-7669-0-0-0\" class=\"so-panel widget widget_sow-headline panel-first-child panel-last-child\" data-index=\"0\" ><div\n\t\t\t\n\t\t\tclass=\"so-widget-sow-headline so-widget-sow-headline-default-3280ec5ca83a-7669\"\n\t\t\t\n\t\t><div class=\"sow-headline-container \">\n\t\t\t\t\t\t\t<h1 class=\"sow-headline\">\n\t\t\t\t\t\tOtok Kor\u010dula Zanimiva Mesta\t\t\t\t\t\t<\/h1>\n\t\t\t\t\t\t<\/div>\n<\/div><\/div><\/div><\/div><div id=\"pg-7669-1\"  class=\"panel-grid panel-no-style\" ><div id=\"pgc-7669-1-0\"  class=\"panel-grid-cell\" ><div id=\"panel-7669-1-0-0\" class=\"so-panel widget widget_sow-headline panel-first-child\" data-index=\"1\" ><div\n\t\t\t\n\t\t\tclass=\"so-widget-sow-headline so-widget-sow-headline-default-771b70f7f01f-7669\"\n\t\t\t\n\t\t><div class=\"sow-headline-container \">\n\t\t\t\t\t\t\t<h2 class=\"sow-headline\">\n\t\t\t\t\t\tO Pri\u017ebi\t\t\t\t\t\t<\/h2>\n\t\t\t\t\t\t<\/div>\n<\/div><\/div><div id=\"panel-7669-1-0-1\" class=\"so-panel widget widget_sow-editor\" data-index=\"2\" ><div\n\t\t\t\n\t\t\tclass=\"so-widget-sow-editor so-widget-sow-editor-base\"\n\t\t\t\n\t\t>\n<div class=\"siteorigin-widget-tinymce textwidget\">\n\t<\/div>\n<\/div><\/div><div id=\"panel-7669-1-0-2\" class=\"so-panel widget widget_sow-editor\" data-index=\"3\" ><div\n\t\t\t\n\t\t\tclass=\"so-widget-sow-editor so-widget-sow-editor-base\"\n\t\t\t\n\t\t>\n<div class=\"siteorigin-widget-tinymce textwidget\">\n\t<p class=\"m_-3228724463070382009gmail-MsoNormal\">Pri\u017eba je priljubljeno letovi\u0161\u010de na ju\u017eni strani otoka Kor\u010dule na Hrva\u0161kem. Razteza se vzdol\u017e obale, v dol\u017eini pribli\u017eno pet kilometrov od zaliva Gr\u0161\u0107ica vse do polotoka Pri\u0161\u0107apac in Vina\u010dac na vzhodu. Pri\u017ebo sestavlja nekaj manj\u0161ih zalivov in polotok Ratak. Na tem obmo\u010dju so razli\u010dne restavracije, servisi za najem opreme za rekreacijo in \u0161port ter nekaj majhnih prodajaln. V restavracijah boste u\u017eivali tako v ribjih specialitetah s Kor\u010dule kot tudi v mesnih jedeh z doma\u010do zelenjavo in najbolj\u0161im vinom.<\/p>\n<p class=\"m_-3228724463070382009gmail-MsoNormal\">Morda najbolj zanimiv del tega obmo\u010dja je pet oto\u010dkov: Vrhovnjak, Sridnjak, Crklica, Stupa in \u010cerin. Oto\u010dki so nenaseljeni in se nahajajo pribli\u017eno 800 metrov od osrednjega dela Pri\u017ebe ter ponujajo \u010dudovita mesta za plavanje in u\u017eivanje v soncu ali v globoki senci borovcev. \u010ce se potopite, boste malce pod morsko gladino odkrili delikatese, ki se lahko jejo surove, kot so je\u017eki ali razli\u010dne \u0161koljke, ki naseljujejo obalo. \u010ce se potopite \u0161e globlje, lahko razi\u0161\u010dete \u0161e veliko ve\u010d!<\/p>\n<\/div>\n<\/div><\/div><div id=\"panel-7669-1-0-3\" class=\"so-panel widget widget_sow-button panel-last-child\" data-index=\"4\" ><div\n\t\t\t\n\t\t\tclass=\"so-widget-sow-button so-widget-sow-button-wire-7db8851911c9-7669\"\n\t\t\t\n\t\t><div class=\"ow-button-base ow-button-align-center\"\n>\n\t\t\t<a\n\t\t\t\t\thref=\"https:\/\/www.prizba.net\/sl\/galerija\/\"\n\t\t\t\t\tclass=\"sowb-button ow-icon-placement-left ow-button-hover\" \t>\n\t\t<span>\n\t\t\t<span class=\"sow-icon-fontawesome sow-fas\" data-sow-icon=\"&#xf03e;\"\n\t\tstyle=\"\" \n\t\taria-hidden=\"true\"><\/span>\n\t\t\tPri\u017eba Foto Galerija\t\t<\/span>\n\t\t\t<\/a>\n\t<\/div>\n<\/div><\/div><\/div><\/div><div id=\"pg-7669-2\"  class=\"panel-grid panel-no-style\" ><div id=\"pgc-7669-2-0\"  class=\"panel-grid-cell\" ><div id=\"panel-7669-2-0-0\" class=\"so-panel widget widget_sow-headline panel-first-child\" data-index=\"5\" ><div\n\t\t\t\n\t\t\tclass=\"so-widget-sow-headline so-widget-sow-headline-default-771b70f7f01f-7669\"\n\t\t\t\n\t\t><div class=\"sow-headline-container \">\n\t\t\t\t\t\t\t<h2 class=\"sow-headline\">\n\t\t\t\t\t\tBlato\t\t\t\t\t\t<\/h2>\n\t\t\t\t\t\t<\/div>\n<\/div><\/div><div id=\"panel-7669-2-0-1\" class=\"so-panel widget widget_sow-editor\" data-index=\"6\" ><div\n\t\t\t\n\t\t\tclass=\"so-widget-sow-editor so-widget-sow-editor-base\"\n\t\t\t\n\t\t>\n<div class=\"siteorigin-widget-tinymce textwidget\">\n\t<p><iframe loading=\"lazy\" src=\"https:\/\/www.google.com\/maps\/embed?pb=!1m0!4v1512201900449!6m8!1m7!1sCAoSLEFGMVFpcE5JbXowVlJBdlZ3OFRqUjBHOTBiUjRQZHZ6MkZ0WC02MVctT1Bk!2m2!1d42.93717167954089!2d16.79214988104903!3f20.905935260379078!4f-1.928120414491815!5f0.7820865974627469\" width=\"100%\" height=\"450\" frameborder=\"0\" style=\"border:0\" allowfullscreen><\/iframe><\/p>\n<\/div>\n<\/div><\/div><div id=\"panel-7669-2-0-2\" class=\"so-panel widget widget_sow-editor panel-last-child\" data-index=\"7\" ><div\n\t\t\t\n\t\t\tclass=\"so-widget-sow-editor so-widget-sow-editor-base\"\n\t\t\t\n\t\t>\n<div class=\"siteorigin-widget-tinymce textwidget\">\n\t<p>Po desetih minutah vo\u017enje iz Pri\u017ebe boste prispeli v Blato, mesto, znano po plesu Kumpanji in dolgem drevoredu lip. Sprehajajo\u010d se po ulicah Blata boste pri\u0161li do trga z zvonikom, lo\u017eo in cerkvijo Vseh svetnikov. \u010ce obi\u0161\u010dete katero izmed poletnih prireditev, boste zagotovo ob tem u\u017eivali tudi v okusnem prigrizku v bli\u017enjih restavracijah ali v odkrivanju vinskih sort ob poku\u0161ini vin. Blato je znano tudi po pecivu \u00bblumblija\u00ab in posebni zgodbi o nastanku te dobrote.<\/p>\n<\/div>\n<\/div><\/div><\/div><\/div><div id=\"pg-7669-3\"  class=\"panel-grid panel-no-style\" ><div id=\"pgc-7669-3-0\"  class=\"panel-grid-cell\" ><div id=\"panel-7669-3-0-0\" class=\"so-panel widget widget_sow-headline panel-first-child\" data-index=\"8\" ><div\n\t\t\t\n\t\t\tclass=\"so-widget-sow-headline so-widget-sow-headline-default-771b70f7f01f-7669\"\n\t\t\t\n\t\t><div class=\"sow-headline-container \">\n\t\t\t\t\t\t\t<h2 class=\"sow-headline\">\n\t\t\t\t\t\tVela Luka\t\t\t\t\t\t<\/h2>\n\t\t\t\t\t\t<\/div>\n<\/div><\/div><div id=\"panel-7669-3-0-1\" class=\"so-panel widget widget_sow-editor\" data-index=\"9\" ><div\n\t\t\t\n\t\t\tclass=\"so-widget-sow-editor so-widget-sow-editor-base\"\n\t\t\t\n\t\t>\n<div class=\"siteorigin-widget-tinymce textwidget\">\n\t<p><img loading=\"lazy\" decoding=\"async\" class=\"aligncenter wp-image-7267 size-large\" src=\"https:\/\/www.prizba.net\/wp-content\/uploads\/velu-luku-mala-ne-zaboravi-branko-zuvela-dodo-pointing-vela-luka-sunset-2-1024x678.jpg\" alt=\"velu-luku-mala-ne-zaboravi-branko-zuvela-dodo-pointing-vela-luka-sunset\" width=\"1024\" height=\"678\" srcset=\"https:\/\/www.prizba.net\/wp-content\/uploads\/velu-luku-mala-ne-zaboravi-branko-zuvela-dodo-pointing-vela-luka-sunset-2-1024x678.jpg 1024w, https:\/\/www.prizba.net\/wp-content\/uploads\/velu-luku-mala-ne-zaboravi-branko-zuvela-dodo-pointing-vela-luka-sunset-2-175x116.jpg 175w, https:\/\/www.prizba.net\/wp-content\/uploads\/velu-luku-mala-ne-zaboravi-branko-zuvela-dodo-pointing-vela-luka-sunset-2-700x464.jpg 700w, https:\/\/www.prizba.net\/wp-content\/uploads\/velu-luku-mala-ne-zaboravi-branko-zuvela-dodo-pointing-vela-luka-sunset-2-768x509.jpg 768w, https:\/\/www.prizba.net\/wp-content\/uploads\/velu-luku-mala-ne-zaboravi-branko-zuvela-dodo-pointing-vela-luka-sunset-2.jpg 1140w\" sizes=\"auto, (max-width: 1024px) 100vw, 1024px\" \/><\/p>\n<\/div>\n<\/div><\/div><div id=\"panel-7669-3-0-2\" class=\"so-panel widget widget_sow-editor panel-last-child\" data-index=\"10\" ><div\n\t\t\t\n\t\t\tclass=\"so-widget-sow-editor so-widget-sow-editor-base\"\n\t\t\t\n\t\t>\n<div class=\"siteorigin-widget-tinymce textwidget\">\n\t<p>Veliko restavracij z lokalnimi kulinari\u010dnimi specialitetami, dolga obala z razli\u010dnimi poletnimi dogodki (ne zamudite nastopa klap) in otok Proizd s svojimi \u010dudovitimi pla\u017eami so le nekatere izmed znamenitosti, ki na kratko opisujejo Velo Luko. Glede na to, da je Vela Luka mesto, ki se je razvijalo ob morski obali, ima bogato pomorsko tradicijo in pristani\u0161\u010de za varni privez. Toda to mesto skriva tudi nekaj zna\u010dilnih lokacij: pomembno arheolo\u0161ko najdi\u0161\u010de, ki se imenuje Vela spila, in zapu\u0161\u010deno utrdbo Hum, s katere se razprostira \u010dudovit pogled na Velo Luko ter bli\u017enja otoka Hvar in Lastovo.<\/p>\n<\/div>\n<\/div><\/div><\/div><\/div><div id=\"pg-7669-4\"  class=\"panel-grid panel-no-style\" ><div id=\"pgc-7669-4-0\"  class=\"panel-grid-cell\" ><div id=\"panel-7669-4-0-0\" class=\"so-panel widget widget_sow-headline panel-first-child\" data-index=\"11\" ><div\n\t\t\t\n\t\t\tclass=\"so-widget-sow-headline so-widget-sow-headline-default-771b70f7f01f-7669\"\n\t\t\t\n\t\t><div class=\"sow-headline-container \">\n\t\t\t\t\t\t\t<h2 class=\"sow-headline\">\n\t\t\t\t\t\tKor\u010dula\t\t\t\t\t\t<\/h2>\n\t\t\t\t\t\t<\/div>\n<\/div><\/div><div id=\"panel-7669-4-0-1\" class=\"so-panel widget widget_sow-editor\" data-index=\"12\" ><div\n\t\t\t\n\t\t\tclass=\"so-widget-sow-editor so-widget-sow-editor-base\"\n\t\t\t\n\t\t>\n<div class=\"siteorigin-widget-tinymce textwidget\">\n\t<p><img loading=\"lazy\" decoding=\"async\" class=\"aligncenter wp-image-6320 size-large\" src=\"https:\/\/www.prizba.net\/wp-content\/uploads\/korcula-medieval-city-1024x683.jpg\" alt=\"korcula-medieval-city\" width=\"1024\" height=\"683\" srcset=\"https:\/\/www.prizba.net\/wp-content\/uploads\/korcula-medieval-city-1024x683.jpg 1024w, https:\/\/www.prizba.net\/wp-content\/uploads\/korcula-medieval-city-175x117.jpg 175w, https:\/\/www.prizba.net\/wp-content\/uploads\/korcula-medieval-city-700x467.jpg 700w, https:\/\/www.prizba.net\/wp-content\/uploads\/korcula-medieval-city-768x512.jpg 768w, https:\/\/www.prizba.net\/wp-content\/uploads\/korcula-medieval-city-272x182.jpg 272w, https:\/\/www.prizba.net\/wp-content\/uploads\/korcula-medieval-city.jpg 1140w\" sizes=\"auto, (max-width: 1024px) 100vw, 1024px\" \/><\/p>\n<\/div>\n<\/div><\/div><div id=\"panel-7669-4-0-2\" class=\"so-panel widget widget_sow-editor panel-last-child\" data-index=\"13\" ><div\n\t\t\t\n\t\t\tclass=\"so-widget-sow-editor so-widget-sow-editor-base\"\n\t\t\t\n\t\t>\n<div class=\"siteorigin-widget-tinymce textwidget\">\n\t<p>Mesto Kor\u010dula je zagotovo eno izmed najbolj znanih destinacij na otoku. Podobno kot Dubrovnik ima Kor\u010dula tipi\u010dne srednjeve\u0161ke ulice s starimi zgradbami, utrdbami in mestnimi obzidji, ki so skozi zgodovino \u0161\u010ditili Kor\u010dulo pred nevarnostmi. Sprehajajo\u010d se po mestu so fine restavracije ob morju neizogibna destinacija za u\u017eivanje v lokalnih specialitetah, preden pokukate v bli\u017enje bare na ve\u010derno glasbo. Obvezno priporo\u010damo tako obisk hi\u0161e Marka Pola kot tudi nastop znanega plesa z me\u010di<br \/>\nMore\u0161ke.<\/p>\n<\/div>\n<\/div><\/div><\/div><\/div><div id=\"pg-7669-5\"  class=\"panel-grid panel-has-style\" ><div class=\"siteorigin-panels-stretch panel-row-style panel-row-style-for-7669-5\" data-stretch-type=\"full-stretched\" ><div id=\"pgc-7669-5-0\"  class=\"panel-grid-cell\" ><div id=\"panel-7669-5-0-0\" class=\"widget_text so-panel widget widget_custom_html panel-first-child panel-last-child\" data-index=\"14\" ><div class=\"textwidget custom-html-widget\"><div class=\"video-background\">\n<div class=\"video-foreground\">\n<iframe src=\"https:\/\/www.youtube.com\/embed\/PHszwuDNslo?controls=0&showinfo=0&rel=0&autoplay=1&mute=1&loop=1&playlist=PHszwuDNslo\" frameborder=\"0\" allowfullscreen><\/iframe>\n<\/div>\n<\/div><\/div><\/div><\/div><\/div><\/div><\/div>","protected":false},"excerpt":{"rendered":"<p>Pri\u017eba je priljubljeno letovi\u0161\u010de na ju\u017eni strani otoka Kor\u010dule na Hrva\u0161kem. Razteza se vzdol\u017e obale, v dol\u017eini pribli\u017eno pet kilometrov od zaliva Gr\u0161\u0107ica vse do [&hellip;]<\/p>\n <a href=\"https:\/\/www.prizba.net\/sl\/korcula\/\" class=\"more-link\" title=\"Read More\"> Read More <\/a>","protected":false},"author":1,"featured_media":0,"parent":0,"menu_order":0,"comment_status":"closed","ping_status":"closed","template":"","meta":{"_genesis_hide_title":false,"_genesis_hide_breadcrumbs":false,"_genesis_hide_singular_image":false,"_genesis_hide_footer_widgets":false,"_genesis_custom_body_class":"","_genesis_custom_post_class":"","_genesis_layout":"","footnotes":""},"class_list":{"0":"post-7669","1":"page","2":"type-page","3":"status-publish","5":"entry","6":"has-post-thumbnail"},"_links":{"self":[{"href":"https:\/\/www.prizba.net\/sl\/wp-json\/wp\/v2\/pages\/7669","targetHints":{"allow":["GET"]}}],"collection":[{"href":"https:\/\/www.prizba.net\/sl\/wp-json\/wp\/v2\/pages"}],"about":[{"href":"https:\/\/www.prizba.net\/sl\/wp-json\/wp\/v2\/types\/page"}],"author":[{"embeddable":true,"href":"https:\/\/www.prizba.net\/sl\/wp-json\/wp\/v2\/users\/1"}],"replies":[{"embeddable":true,"href":"https:\/\/www.prizba.net\/sl\/wp-json\/wp\/v2\/comments?post=7669"}],"version-history":[{"count":0,"href":"https:\/\/www.prizba.net\/sl\/wp-json\/wp\/v2\/pages\/7669\/revisions"}],"wp:attachment":[{"href":"https:\/\/www.prizba.net\/sl\/wp-json\/wp\/v2\/media?parent=7669"}],"curies":[{"name":"wp","href":"https:\/\/api.w.org\/{rel}","templated":true}]}}