{"id":7687,"date":"2017-11-24T12:27:56","date_gmt":"2017-11-24T11:27:56","guid":{"rendered":"https:\/\/www.prizba.net\/aktivnosti\/"},"modified":"2019-05-29T09:51:12","modified_gmt":"2019-05-29T07:51:12","slug":"dejavnosti","status":"publish","type":"page","link":"https:\/\/www.prizba.net\/sl\/dejavnosti\/","title":{"rendered":"Dejavnosti"},"content":{"rendered":"<div id=\"pl-7687\"  class=\"panel-layout\" ><div id=\"pg-7687-0\"  class=\"panel-grid panel-no-style\" ><div id=\"pgc-7687-0-0\"  class=\"panel-grid-cell\" ><div id=\"panel-7687-0-0-0\" class=\"so-panel widget widget_sow-headline panel-first-child panel-last-child\" data-index=\"0\" ><div\n\t\t\t\n\t\t\tclass=\"so-widget-sow-headline so-widget-sow-headline-default-3280ec5ca83a-7687\"\n\t\t\t\n\t\t><div class=\"sow-headline-container \">\n\t\t\t\t\t\t\t<h1 class=\"sow-headline\">\n\t\t\t\t\t\tDejavnosti v Pri\u017ebi\t\t\t\t\t\t<\/h1>\n\t\t\t\t\t\t\t\t\t\t\t\t<p class=\"sow-sub-headline\">\n\t\t\t\t\t\tKako pre\u017eivljati po\u010ditnice v Pri\u017ebi? V tem priljubljenem letovi\u0161\u010du boste na\u0161li razli\u010dne dejavnosti in storitve, ki bodo izpopolnile va\u0161e po\u010ditnice in razkrile ve\u010d o Pri\u017ebi.\t\t\t\t\t\t<\/p>\n\t\t\t\t\t\t<\/div>\n<\/div><\/div><\/div><\/div><div id=\"pg-7687-1\"  class=\"panel-grid panel-no-style\" ><div id=\"pgc-7687-1-0\"  class=\"panel-grid-cell\" ><div id=\"panel-7687-1-0-0\" class=\"so-panel widget widget_sow-headline panel-first-child\" data-index=\"1\" ><div\n\t\t\t\n\t\t\tclass=\"so-widget-sow-headline so-widget-sow-headline-default-771b70f7f01f-7687\"\n\t\t\t\n\t\t><div class=\"sow-headline-container \">\n\t\t\t\t\t\t\t<h2 class=\"sow-headline\">\n\t\t\t\t\t\tPlavanje In Potapljanje\t\t\t\t\t\t<\/h2>\n\t\t\t\t\t\t<\/div>\n<\/div><\/div><div id=\"panel-7687-1-0-1\" class=\"so-panel widget widget_sow-editor\" data-index=\"2\" ><div\n\t\t\t\n\t\t\tclass=\"so-widget-sow-editor so-widget-sow-editor-base\"\n\t\t\t\n\t\t>\n<div class=\"siteorigin-widget-tinymce textwidget\">\n\t<p><img loading=\"lazy\" decoding=\"async\" class=\"aligncenter wp-image-6312 size-large\" src=\"https:\/\/www.prizba.net\/wp-content\/uploads\/prizba-swimming-snorkeling-seabob-1024x683.jpg\" alt=\"prizba-swimming-snorkeling-seabob\" width=\"1024\" height=\"683\" srcset=\"https:\/\/www.prizba.net\/wp-content\/uploads\/prizba-swimming-snorkeling-seabob-1024x683.jpg 1024w, https:\/\/www.prizba.net\/wp-content\/uploads\/prizba-swimming-snorkeling-seabob-175x117.jpg 175w, https:\/\/www.prizba.net\/wp-content\/uploads\/prizba-swimming-snorkeling-seabob-700x467.jpg 700w, https:\/\/www.prizba.net\/wp-content\/uploads\/prizba-swimming-snorkeling-seabob-768x512.jpg 768w, https:\/\/www.prizba.net\/wp-content\/uploads\/prizba-swimming-snorkeling-seabob-272x182.jpg 272w, https:\/\/www.prizba.net\/wp-content\/uploads\/prizba-swimming-snorkeling-seabob.jpg 1140w\" sizes=\"auto, (max-width: 1024px) 100vw, 1024px\" \/><\/p>\n<\/div>\n<\/div><\/div><div id=\"panel-7687-1-0-2\" class=\"so-panel widget widget_sow-editor panel-last-child\" data-index=\"3\" ><div\n\t\t\t\n\t\t\tclass=\"so-widget-sow-editor so-widget-sow-editor-base\"\n\t\t\t\n\t\t>\n<div class=\"siteorigin-widget-tinymce textwidget\">\n\t<p>Potopite se v bistro modro morje! Zaradi najve\u010dje kakovosti morja je kopanje v Pri\u017ebi posebna izku\u0161nja in u\u017eitek. Obala Pri\u017ebe je zelo raz\u010dlenjena in ob njej boste na\u0161li prodnate pla\u017ee, pe\u0161\u010dene pla\u017ee in razli\u010dna skrita mesta. Tisti, ki ste \u017eeljni adrenalina, boste na\u0161li skakalnice za izvedbo najbolj razli\u010dnih skokov ter mesta za raziskovanje morskih globin in vseh odtenkov modre.<\/p>\n<\/div>\n<\/div><\/div><\/div><\/div><div id=\"pg-7687-2\"  class=\"panel-grid panel-no-style\" ><div id=\"pgc-7687-2-0\"  class=\"panel-grid-cell\" ><div id=\"panel-7687-2-0-0\" class=\"so-panel widget widget_sow-headline panel-first-child\" data-index=\"4\" ><div\n\t\t\t\n\t\t\tclass=\"so-widget-sow-headline so-widget-sow-headline-default-771b70f7f01f-7687\"\n\t\t\t\n\t\t><div class=\"sow-headline-container \">\n\t\t\t\t\t\t\t<h2 class=\"sow-headline\">\n\t\t\t\t\t\tRaziskujte\t\t\t\t\t\t<\/h2>\n\t\t\t\t\t\t<\/div>\n<\/div><\/div><div id=\"panel-7687-2-0-1\" class=\"so-panel widget widget_sow-editor\" data-index=\"5\" ><div\n\t\t\t\n\t\t\tclass=\"so-widget-sow-editor so-widget-sow-editor-base\"\n\t\t\t\n\t\t>\n<div class=\"siteorigin-widget-tinymce textwidget\">\n\t<p><iframe loading=\"lazy\" title=\"Explore Prizba\" width=\"500\" height=\"281\" src=\"https:\/\/www.youtube.com\/embed\/Eg8b9s-Uikk?feature=oembed\" frameborder=\"0\" allow=\"accelerometer; autoplay; clipboard-write; encrypted-media; gyroscope; picture-in-picture; web-share\" referrerpolicy=\"strict-origin-when-cross-origin\" allowfullscreen><\/iframe><\/p>\n<\/div>\n<\/div><\/div><div id=\"panel-7687-2-0-2\" class=\"so-panel widget widget_sow-editor panel-last-child\" data-index=\"6\" ><div\n\t\t\t\n\t\t\tclass=\"so-widget-sow-editor so-widget-sow-editor-base\"\n\t\t\t\n\t\t>\n<div class=\"siteorigin-widget-tinymce textwidget\">\n\t<p>\u017delite do\u017eiveti Pri\u017eno na druga\u010den na\u010din? Razi\u0161\u010dite ponudbo opreme za \u0161port in rekreacijo v razli\u010dnih servisih v sredi\u0161\u010du Pri\u017ebe in drugih krajih v okolici Pri\u017ebe! Plujte in jadrajte po morski gladini na SUP-u ali do\u017eivite veter na jadralni deski, toda verjetno najpriljubljenej\u0161a zabava je najetje \u010dolna, s katerim lahko odplujete do daljnih obal.<\/p>\n<\/div>\n<\/div><\/div><\/div><\/div><div id=\"pg-7687-3\"  class=\"panel-grid panel-no-style\" ><div id=\"pgc-7687-3-0\"  class=\"panel-grid-cell\" ><div id=\"panel-7687-3-0-0\" class=\"so-panel widget widget_sow-headline panel-first-child\" data-index=\"7\" ><div\n\t\t\t\n\t\t\tclass=\"so-widget-sow-headline so-widget-sow-headline-default-771b70f7f01f-7687\"\n\t\t\t\n\t\t><div class=\"sow-headline-container \">\n\t\t\t\t\t\t\t<h2 class=\"sow-headline\">\n\t\t\t\t\t\tKolesarstvo In Treking\t\t\t\t\t\t<\/h2>\n\t\t\t\t\t\t<\/div>\n<\/div><\/div><div id=\"panel-7687-3-0-1\" class=\"so-panel widget widget_sow-editor\" data-index=\"8\" ><div\n\t\t\t\n\t\t\tclass=\"so-widget-sow-editor so-widget-sow-editor-base\"\n\t\t\t\n\t\t>\n<div class=\"siteorigin-widget-tinymce textwidget\">\n\t<p><img loading=\"lazy\" decoding=\"async\" class=\"aligncenter wp-image-6314 size-large\" src=\"https:\/\/www.prizba.net\/wp-content\/uploads\/korcula-biking-1024x678.jpg\" alt=\"korcula-biking\" width=\"1024\" height=\"678\" srcset=\"https:\/\/www.prizba.net\/wp-content\/uploads\/korcula-biking-1024x678.jpg 1024w, https:\/\/www.prizba.net\/wp-content\/uploads\/korcula-biking-175x116.jpg 175w, https:\/\/www.prizba.net\/wp-content\/uploads\/korcula-biking-700x464.jpg 700w, https:\/\/www.prizba.net\/wp-content\/uploads\/korcula-biking-768x509.jpg 768w, https:\/\/www.prizba.net\/wp-content\/uploads\/korcula-biking.jpg 1140w\" sizes=\"auto, (max-width: 1024px) 100vw, 1024px\" \/><\/p>\n<\/div>\n<\/div><\/div><div id=\"panel-7687-3-0-2\" class=\"so-panel widget widget_sow-editor panel-last-child\" data-index=\"9\" ><div\n\t\t\t\n\t\t\tclass=\"so-widget-sow-editor so-widget-sow-editor-base\"\n\t\t\t\n\t\t>\n<div class=\"siteorigin-widget-tinymce textwidget\">\n\t<p>Veliko kolesarskih poti in raznolikost makadamskih cest naredijo Kor\u010dulo \u0161e bolj prepoznavno v \u0161portnih in rekreativnih krogih, s \u0161tevilnimi dogodki, ki potekajo predvsem od pomladi do jeseni. \u010ce pokukate izven Pri\u017ebe, boste na\u0161li nekaj neprometnih poti in cest, ki vijugajo skozi olj\u010dne nasade, vinograde ali ob obali.<\/p>\n<\/div>\n<\/div><\/div><\/div><\/div><div id=\"pg-7687-4\"  class=\"panel-grid panel-has-style\" ><div class=\"siteorigin-panels-stretch panel-row-style panel-row-style-for-7687-4\" data-stretch-type=\"full-stretched\" ><div id=\"pgc-7687-4-0\"  class=\"panel-grid-cell\" ><div id=\"panel-7687-4-0-0\" class=\"so-panel widget widget_sow-image panel-first-child panel-last-child\" data-index=\"10\" ><div\n\t\t\t\n\t\t\tclass=\"so-widget-sow-image so-widget-sow-image-default-8b5b6f678277-7687\"\n\t\t\t\n\t\t>\n<div class=\"sow-image-container\">\n\t\t<img \n\tsrc=\"https:\/\/www.prizba.net\/wp-content\/uploads\/fly-into-sea-01.jpg\" width=\"1920\" height=\"1280\" srcset=\"https:\/\/www.prizba.net\/wp-content\/uploads\/fly-into-sea-01.jpg 1920w, https:\/\/www.prizba.net\/wp-content\/uploads\/fly-into-sea-01-175x117.jpg 175w, https:\/\/www.prizba.net\/wp-content\/uploads\/fly-into-sea-01-700x467.jpg 700w, https:\/\/www.prizba.net\/wp-content\/uploads\/fly-into-sea-01-768x512.jpg 768w, https:\/\/www.prizba.net\/wp-content\/uploads\/fly-into-sea-01-1024x683.jpg 1024w, https:\/\/www.prizba.net\/wp-content\/uploads\/fly-into-sea-01-272x182.jpg 272w\" sizes=\"(max-width: 1920px) 100vw, 1920px\" alt=\"\" \t\tclass=\"so-widget-image\"\/>\n\t<\/div>\n\n<\/div><\/div><\/div><\/div><\/div><\/div>","protected":false},"excerpt":{"rendered":"<p>Potopite se v bistro modro morje! Zaradi najve\u010dje kakovosti morja je kopanje v Pri\u017ebi posebna izku\u0161nja in u\u017eitek. Obala Pri\u017ebe je zelo raz\u010dlenjena in ob [&hellip;]<\/p>\n <a href=\"https:\/\/www.prizba.net\/sl\/dejavnosti\/\" class=\"more-link\" title=\"Read More\"> Read More <\/a>","protected":false},"author":1,"featured_media":0,"parent":0,"menu_order":0,"comment_status":"closed","ping_status":"closed","template":"","meta":{"_genesis_hide_title":false,"_genesis_hide_breadcrumbs":false,"_genesis_hide_singular_image":false,"_genesis_hide_footer_widgets":false,"_genesis_custom_body_class":"","_genesis_custom_post_class":"","_genesis_layout":"","footnotes":""},"class_list":{"0":"post-7687","1":"page","2":"type-page","3":"status-publish","5":"entry","6":"has-post-thumbnail"},"_links":{"self":[{"href":"https:\/\/www.prizba.net\/sl\/wp-json\/wp\/v2\/pages\/7687","targetHints":{"allow":["GET"]}}],"collection":[{"href":"https:\/\/www.prizba.net\/sl\/wp-json\/wp\/v2\/pages"}],"about":[{"href":"https:\/\/www.prizba.net\/sl\/wp-json\/wp\/v2\/types\/page"}],"author":[{"embeddable":true,"href":"https:\/\/www.prizba.net\/sl\/wp-json\/wp\/v2\/users\/1"}],"replies":[{"embeddable":true,"href":"https:\/\/www.prizba.net\/sl\/wp-json\/wp\/v2\/comments?post=7687"}],"version-history":[{"count":0,"href":"https:\/\/www.prizba.net\/sl\/wp-json\/wp\/v2\/pages\/7687\/revisions"}],"wp:attachment":[{"href":"https:\/\/www.prizba.net\/sl\/wp-json\/wp\/v2\/media?parent=7687"}],"curies":[{"name":"wp","href":"https:\/\/api.w.org\/{rel}","templated":true}]}}